{"id":46,"date":"2021-02-16T11:44:42","date_gmt":"2021-02-16T11:44:42","guid":{"rendered":"https:\/\/demosites.io\/neve-3\/?page_id=46"},"modified":"2026-01-18T15:00:13","modified_gmt":"2026-01-18T14:00:13","slug":"7b3c2-homepage","status":"publish","type":"page","link":"https:\/\/kapex.pl\/","title":{"rendered":"Zak\u0142ad Us\u0142ugowo Produkcyjny KAPEX"},"content":{"rendered":"\n\n<div class=\"wp-block-cover alignfull has-parallax wp-embed-aspect-16-9 wp-has-aspect-ratio has-x-large-font-size\" style=\"padding-right:0;padding-left:0\"><div class=\"wp-block-cover__image-background wp-image-442 has-parallax\" style=\"background-position:50% 50%;background-image:url(https:\/\/kapex.pl\/wp-content\/uploads\/2023\/12\/tloslideramalego2.png)\"><\/div><span aria-hidden=\"true\" class=\"wp-block-cover__background has-nv-text-dark-bg-background-color has-background-dim-30 has-background-dim\"><\/span><div class=\"wp-block-cover__inner-container is-layout-constrained wp-container-core-cover-is-layout-a7c31ef8 wp-block-cover-is-layout-constrained\">\n<p class=\"has-text-align-center has-large-font-size\"><img loading=\"lazy\" decoding=\"async\" width=\"2000\" height=\"687\" class=\"wp-image-7\" style=\"width: 2000px;\" src=\"https:\/\/kapex.pl\/wp-content\/uploads\/2023\/12\/logo-z-cieniem.png\" alt=\"\" srcset=\"https:\/\/kapex.pl\/wp-content\/uploads\/2023\/12\/logo-z-cieniem.png 3251w, https:\/\/kapex.pl\/wp-content\/uploads\/2023\/12\/logo-z-cieniem-300x103.png 300w, https:\/\/kapex.pl\/wp-content\/uploads\/2023\/12\/logo-z-cieniem-1024x352.png 1024w, https:\/\/kapex.pl\/wp-content\/uploads\/2023\/12\/logo-z-cieniem-768x264.png 768w, https:\/\/kapex.pl\/wp-content\/uploads\/2023\/12\/logo-z-cieniem-1536x528.png 1536w, https:\/\/kapex.pl\/wp-content\/uploads\/2023\/12\/logo-z-cieniem-2048x704.png 2048w\" sizes=\"auto, (max-width: 2000px) 100vw, 2000px\" \/><\/p>\n<\/div><\/div>\n\n\n\n<p><\/p>\n\n\n\n<div class=\"wp-block-columns is-layout-flex wp-container-core-columns-is-layout-9d6595d7 wp-block-columns-is-layout-flex\">\n<div class=\"wp-block-column is-layout-flow wp-block-column-is-layout-flow\">\n<figure data-wp-context=\"{&quot;imageId&quot;:&quot;6a05826c32844&quot;}\" data-wp-interactive=\"core\/image\" data-wp-key=\"6a05826c32844\" class=\"wp-block-image size-full wp-lightbox-container\"><img loading=\"lazy\" decoding=\"async\" width=\"600\" height=\"400\" data-wp-class--hide=\"state.isContentHidden\" data-wp-class--show=\"state.isContentVisible\" data-wp-init=\"callbacks.setButtonStyles\" data-wp-on--click=\"actions.showLightbox\" data-wp-on--load=\"callbacks.setButtonStyles\" data-wp-on-window--resize=\"callbacks.setButtonStyles\" src=\"https:\/\/kapex.pl\/wp-content\/uploads\/2024\/12\/789.jpg\" alt=\"\" class=\"wp-image-1068\" srcset=\"https:\/\/kapex.pl\/wp-content\/uploads\/2024\/12\/789.jpg 600w, https:\/\/kapex.pl\/wp-content\/uploads\/2024\/12\/789-300x200.jpg 300w\" sizes=\"auto, (max-width: 600px) 100vw, 600px\" \/><button\n\t\t\tclass=\"lightbox-trigger\"\n\t\t\ttype=\"button\"\n\t\t\taria-haspopup=\"dialog\"\n\t\t\taria-label=\"Powi\u0119ksz\"\n\t\t\tdata-wp-init=\"callbacks.initTriggerButton\"\n\t\t\tdata-wp-on--click=\"actions.showLightbox\"\n\t\t\tdata-wp-style--right=\"state.imageButtonRight\"\n\t\t\tdata-wp-style--top=\"state.imageButtonTop\"\n\t\t>\n\t\t\t<svg xmlns=\"http:\/\/www.w3.org\/2000\/svg\" width=\"12\" height=\"12\" fill=\"none\" viewBox=\"0 0 12 12\">\n\t\t\t\t<path fill=\"#fff\" d=\"M2 0a2 2 0 0 0-2 2v2h1.5V2a.5.5 0 0 1 .5-.5h2V0H2Zm2 10.5H2a.5.5 0 0 1-.5-.5V8H0v2a2 2 0 0 0 2 2h2v-1.5ZM8 12v-1.5h2a.5.5 0 0 0 .5-.5V8H12v2a2 2 0 0 1-2 2H8Zm2-12a2 2 0 0 1 2 2v2h-1.5V2a.5.5 0 0 0-.5-.5H8V0h2Z\" \/>\n\t\t\t<\/svg>\n\t\t<\/button><\/figure>\n\n\n\n<h3 class=\"wp-block-heading has-text-align-center has-large-font-size\" style=\"font-style:italic;font-weight:800;letter-spacing:2px\"><a href=\"https:\/\/kapex.pl\/?page_id=393\" data-type=\"page\" data-id=\"393\">Dzia\u0142alno\u015b\u0107<\/a><\/h3>\n\n\n\n<hr class=\"wp-block-separator has-text-color has-neve-button-color-color has-css-opacity has-neve-button-color-background-color has-background is-style-default\"\/>\n\n\n\n<p class=\"has-text-align-left\"><strong>Firma istnieje od pocz\u0105tku lat 80-tych poprzedniego wieku. Na przestrzeni tych lat zajmowali\u015bmy si\u0119 automatyk\u0105 przemys\u0142ow\u0105, obr\u00f3bk\u0105 metalu, produkcj\u0105 urz\u0105dze\u0144 od obr\u00f3bki bursztynu. Wsp\u00f3\u0142pracujemy w wieloma firmami.<\/strong><\/p>\n\n\n\n<p><a href=\"https:\/\/kapex.pl\/?page_id=393\" data-type=\"page\" data-id=\"393\">Zobacz wi\u0119cej<\/a>&#8230;<\/p>\n<\/div>\n\n\n\n<div class=\"wp-block-column is-layout-flow wp-block-column-is-layout-flow\">\n<figure data-wp-context=\"{&quot;imageId&quot;:&quot;6a05826c32f9d&quot;}\" data-wp-interactive=\"core\/image\" data-wp-key=\"6a05826c32f9d\" class=\"wp-block-image size-full wp-lightbox-container\"><img loading=\"lazy\" decoding=\"async\" width=\"600\" height=\"400\" data-wp-class--hide=\"state.isContentHidden\" data-wp-class--show=\"state.isContentVisible\" data-wp-init=\"callbacks.setButtonStyles\" data-wp-on--click=\"actions.showLightbox\" data-wp-on--load=\"callbacks.setButtonStyles\" data-wp-on-window--resize=\"callbacks.setButtonStyles\" src=\"https:\/\/kapex.pl\/wp-content\/uploads\/2024\/12\/hhhh.png\" alt=\"\" class=\"wp-image-1069\" srcset=\"https:\/\/kapex.pl\/wp-content\/uploads\/2024\/12\/hhhh.png 600w, https:\/\/kapex.pl\/wp-content\/uploads\/2024\/12\/hhhh-300x200.png 300w\" sizes=\"auto, (max-width: 600px) 100vw, 600px\" \/><button\n\t\t\tclass=\"lightbox-trigger\"\n\t\t\ttype=\"button\"\n\t\t\taria-haspopup=\"dialog\"\n\t\t\taria-label=\"Powi\u0119ksz\"\n\t\t\tdata-wp-init=\"callbacks.initTriggerButton\"\n\t\t\tdata-wp-on--click=\"actions.showLightbox\"\n\t\t\tdata-wp-style--right=\"state.imageButtonRight\"\n\t\t\tdata-wp-style--top=\"state.imageButtonTop\"\n\t\t>\n\t\t\t<svg xmlns=\"http:\/\/www.w3.org\/2000\/svg\" width=\"12\" height=\"12\" fill=\"none\" viewBox=\"0 0 12 12\">\n\t\t\t\t<path fill=\"#fff\" d=\"M2 0a2 2 0 0 0-2 2v2h1.5V2a.5.5 0 0 1 .5-.5h2V0H2Zm2 10.5H2a.5.5 0 0 1-.5-.5V8H0v2a2 2 0 0 0 2 2h2v-1.5ZM8 12v-1.5h2a.5.5 0 0 0 .5-.5V8H12v2a2 2 0 0 1-2 2H8Zm2-12a2 2 0 0 1 2 2v2h-1.5V2a.5.5 0 0 0-.5-.5H8V0h2Z\" \/>\n\t\t\t<\/svg>\n\t\t<\/button><\/figure>\n\n\n\n<h3 class=\"wp-block-heading has-text-align-center has-large-font-size\" style=\"padding-top:0;font-style:italic;font-weight:700;letter-spacing:2px\"><a href=\"https:\/\/kapex.pl\/?page_id=917\" data-type=\"page\" data-id=\"917\">Wyposa\u017cenie<\/a><\/h3>\n\n\n\n<hr class=\"wp-block-separator has-text-color has-neve-button-color-color has-css-opacity has-neve-button-color-background-color has-background is-style-default\"\/>\n\n\n\n<p class=\"has-text-align-left\"><strong>Posiadamy dobrze wyposa\u017cony warsztat do obr\u00f3bki metalu<br>&#8211; tokarki<br>&#8211; frezarki klasyczn\u0105 i CNC<br>&#8211; plazmowy ploter CNC<br>&#8211; spawarki TIG MIG MMA <br>&#8211;  laserow\u0105 spawark\u0119 i oczyszczark\u0119<\/strong><br><a href=\"https:\/\/kapex.pl\/?page_id=917\">Zobacz wi\u0119cej<\/a>&#8230;<\/p>\n<\/div>\n<\/div>\n\n\n\n<h2 class=\"wp-block-heading\"><strong><code><mark style=\"background-color:rgba(0, 0, 0, 0)\" class=\"has-inline-color has-nv-c-2-color\">NOWO\u015a\u0106<\/mark><\/code><\/strong><\/h2>\n\n\n\n<p>Us\u0142ugi z zakresu laserowego spawania i czyszczenia powierzchni metalowych.<br>Nowoczesny sprz\u0119t pozwala na precyzyjne spawanie cienkich element\u00f3w stalowych, aluminiowych takich jak blachy, profile, rury od 0,5 do 3 mm grubo\u015bci.<br>Laser pozwala szybko i sprawnie oczy\u015bci\u0107 z rdzy, farby, oleju r\u00f3\u017cne powierzchnie metalowe.<br>Zapraszamy do kontaktu.<br><\/p>\n\n\n\n<div style=\"height:100px\" aria-hidden=\"true\" class=\"wp-block-spacer\"><\/div>\n\n\n\n<figure class=\"wp-block-video\"><video height=\"720\" style=\"aspect-ratio: 1280 \/ 720;\" width=\"1280\" controls src=\"https:\/\/kapex.pl\/wp-content\/uploads\/2025\/11\/Laserowe-czyszczenie-gofrownicy-zeliwnej.mp4\"><\/video><figcaption class=\"wp-element-caption\">Czyszczenie laserem gofrownicy \u017celiwnej.<\/figcaption><\/figure>\n\n\n\n<p><\/p>\n\n\n\n<p><\/p>\n","protected":false},"excerpt":{"rendered":"<p>Dzia\u0142alno\u015b\u0107 Firma istnieje od pocz\u0105tku lat 80-tych poprzedniego wieku. Na przestrzeni tych lat zajmowali\u015bmy si\u0119 automatyk\u0105 przemys\u0142ow\u0105, obr\u00f3bk\u0105 metalu, produkcj\u0105 urz\u0105dze\u0144 od obr\u00f3bki bursztynu. Wsp\u00f3\u0142pracujemy w wieloma firmami. Zobacz wi\u0119cej&#8230; Wyposa\u017cenie Posiadamy dobrze wyposa\u017cony warsztat do obr\u00f3bki metalu&#8211; tokarki&#8211; frezarki klasyczn\u0105 i CNC&#8211; plazmowy ploter CNC&#8211; spawarki TIG MIG MMA &#8211; laserow\u0105 spawark\u0119 i oczyszczark\u0119Zobacz&hellip;&nbsp;<a href=\"https:\/\/kapex.pl\/\" rel=\"bookmark\">Dowiedz si\u0119 wi\u0119cej &raquo;<span class=\"screen-reader-text\">Zak\u0142ad Us\u0142ugowo Produkcyjny KAPEX<\/span><\/a><\/p>\n","protected":false},"author":1,"featured_media":11,"parent":0,"menu_order":0,"comment_status":"closed","ping_status":"closed","template":"","meta":{"neve_meta_sidebar":"full-width","neve_meta_container":"contained","neve_meta_enable_content_width":"on","neve_meta_content_width":70,"neve_meta_title_alignment":"","neve_meta_author_avatar":"","neve_post_elements_order":"","neve_meta_disable_header":"","neve_meta_disable_footer":"","neve_meta_disable_title":"on","footnotes":""},"class_list":["post-46","page","type-page","status-publish","has-post-thumbnail","hentry"],"_links":{"self":[{"href":"https:\/\/kapex.pl\/index.php?rest_route=\/wp\/v2\/pages\/46","targetHints":{"allow":["GET"]}}],"collection":[{"href":"https:\/\/kapex.pl\/index.php?rest_route=\/wp\/v2\/pages"}],"about":[{"href":"https:\/\/kapex.pl\/index.php?rest_route=\/wp\/v2\/types\/page"}],"author":[{"embeddable":true,"href":"https:\/\/kapex.pl\/index.php?rest_route=\/wp\/v2\/users\/1"}],"replies":[{"embeddable":true,"href":"https:\/\/kapex.pl\/index.php?rest_route=%2Fwp%2Fv2%2Fcomments&post=46"}],"version-history":[{"count":103,"href":"https:\/\/kapex.pl\/index.php?rest_route=\/wp\/v2\/pages\/46\/revisions"}],"predecessor-version":[{"id":1183,"href":"https:\/\/kapex.pl\/index.php?rest_route=\/wp\/v2\/pages\/46\/revisions\/1183"}],"wp:featuredmedia":[{"embeddable":true,"href":"https:\/\/kapex.pl\/index.php?rest_route=\/wp\/v2\/media\/11"}],"wp:attachment":[{"href":"https:\/\/kapex.pl\/index.php?rest_route=%2Fwp%2Fv2%2Fmedia&parent=46"}],"curies":[{"name":"wp","href":"https:\/\/api.w.org\/{rel}","templated":true}]}}